{"id":12,"date":"2015-08-24T19:58:40","date_gmt":"2015-08-24T17:58:40","guid":{"rendered":"http:\/\/blog.wiltec.de\/fr\/?page_id=12"},"modified":"2026-04-14T12:37:21","modified_gmt":"2026-04-14T10:37:21","slug":"contact-mentions-legales","status":"publish","type":"page","link":"http:\/\/blog.wiltec.de\/fr\/contact-mentions-legales","title":{"rendered":"Mentions l\u00e9gales"},"content":{"rendered":"<p><span style=\"font-size: 14px;\"><strong><span style=\"font-size: 16px;\">Mentions l\u00e9gales<\/span><\/strong><\/span><\/p>\n<p><strong><span style=\"font-size: 12px;\">Indicateur l\u00e9gal d&rsquo;\u00e9diteur<\/span><\/strong><\/p>\n<p><strong>WilTec Wildanger Technik GmbH<br \/>\nrepr\u00e9sent\u00e9 par le directeur : Bernd Wildanger, Frank Wildanger<\/strong><br \/>\n<span style=\"font-size: 14px;\"><strong>Wilhelm-Lexis-Str. 8<br \/>\n52249 Eschweiler<br \/>\nAllemagne<br \/>\nT\u00e9l\u00e9phone: +49 (0)2403-9779770<br \/>\nE-Mail: service@wiltec.info<br \/>\nN\u00b0 d&rsquo;identification TVA: DE233170854<\/strong><\/span><strong><span style=\"font-size: 14px;\">\u00a0<\/span><\/strong><br \/>\n<strong><span style=\"font-size: 14px;\">No. enr. DEEE:\u00a0<\/span><\/strong><strong><span style=\"font-size: 14px;\">DE45283704<\/span><\/strong><br \/>\n<span style=\"font-size: 14px;\"><strong>Inscrit au le registre de commerce du tribunal de commerce Aachen<br \/>\nNum\u00e9ro de registre de commerce HRB 12199<\/strong><\/span><\/p>\n<p><strong style=\"font-size: 14px;\">Responsable des contenus selon \u00a7 18 paragraphe 2 MStV:<\/strong><br \/>\n<span style=\"font-size: 14px;\">Herr<\/span><span style=\"font-size: 14px;\">\u00a0Bernd\u00a0Wildanger<br \/>\nWilhelm-Lexis-Str. 8<br \/>\n52249\u00a0Eschweiler<br \/>\nDeutschland<\/span><\/p>\n<p><span style=\"font-size: 14px;\">Nous ne sommes pas dispos\u00e9s \u00e0 prendre part \u00e0 des proc\u00e9dures de r\u00e8glement de litiges devant des organismes de m\u00e9diation pour le consommateur.<\/span><\/p>\n","protected":false},"excerpt":{"rendered":"<p>Mentions l\u00e9gales Indicateur l\u00e9gal d&rsquo;\u00e9diteur WilTec Wildanger Technik GmbH repr\u00e9sent\u00e9 par le directeur : Bernd Wildanger, Frank Wildanger Wilhelm-Lexis-Str. 8 52249 Eschweiler Allemagne T\u00e9l\u00e9phone: +49 (0)2403-9779770 E-Mail: service@wiltec.info N\u00b0 d&rsquo;identification TVA: DE233170854\u00a0 No. enr. DEEE:\u00a0DE45283704 Inscrit au le registre de commerce du tribunal de commerce Aachen Num\u00e9ro de registre de commerce HRB 12199 Responsable des [&hellip;]<\/p>\n","protected":false},"author":2,"featured_media":0,"parent":0,"menu_order":0,"comment_status":"closed","ping_status":"closed","template":"","meta":[],"yoast_head":"<!-- This site is optimized with the Yoast SEO plugin v14.9 - https:\/\/yoast.com\/wordpress\/plugins\/seo\/ -->\n<title>Mentions l\u00e9gales - blog.Wiltec.de<\/title>\n<meta name=\"robots\" content=\"index, follow, max-snippet:-1, max-image-preview:large, max-video-preview:-1\" \/>\n<link rel=\"canonical\" href=\"http:\/\/blog.wiltec.de\/fr\/contact-mentions-legales\" \/>\n<meta property=\"og:locale\" content=\"fr_FR\" \/>\n<meta property=\"og:type\" content=\"article\" \/>\n<meta property=\"og:title\" content=\"Mentions l\u00e9gales - blog.Wiltec.de\" \/>\n<meta property=\"og:description\" content=\"Mentions l\u00e9gales Indicateur l\u00e9gal d&rsquo;\u00e9diteur WilTec Wildanger Technik GmbH repr\u00e9sent\u00e9 par le directeur : Bernd Wildanger, Frank Wildanger Wilhelm-Lexis-Str. 8 52249 Eschweiler Allemagne T\u00e9l\u00e9phone: +49 (0)2403-9779770 E-Mail: service@wiltec.info N\u00b0 d&rsquo;identification TVA: DE233170854\u00a0 No. enr. DEEE:\u00a0DE45283704 Inscrit au le registre de commerce du tribunal de commerce Aachen Num\u00e9ro de registre de commerce HRB 12199 Responsable des [&hellip;]\" \/>\n<meta property=\"og:url\" content=\"http:\/\/blog.wiltec.de\/fr\/contact-mentions-legales\" \/>\n<meta property=\"og:site_name\" content=\"blog.Wiltec.de\" \/>\n<meta property=\"article:modified_time\" content=\"2026-04-14T10:37:21+00:00\" \/>\n<meta name=\"twitter:card\" content=\"summary\" \/>\n<script type=\"application\/ld+json\" class=\"yoast-schema-graph\">{\"@context\":\"https:\/\/schema.org\",\"@graph\":[{\"@type\":\"WebSite\",\"@id\":\"http:\/\/blog.wiltec.de\/fr\/#website\",\"url\":\"http:\/\/blog.wiltec.de\/fr\/\",\"name\":\"blog.Wiltec.de\",\"description\":\"WilTec Wildanger Technik GmbH\",\"potentialAction\":[{\"@type\":\"SearchAction\",\"target\":\"http:\/\/blog.wiltec.de\/fr\/?s={search_term_string}\",\"query-input\":\"required name=search_term_string\"}],\"inLanguage\":\"fr-FR\"},{\"@type\":\"WebPage\",\"@id\":\"http:\/\/blog.wiltec.de\/fr\/contact-mentions-legales#webpage\",\"url\":\"http:\/\/blog.wiltec.de\/fr\/contact-mentions-legales\",\"name\":\"Mentions l\\u00e9gales - blog.Wiltec.de\",\"isPartOf\":{\"@id\":\"http:\/\/blog.wiltec.de\/fr\/#website\"},\"datePublished\":\"2015-08-24T17:58:40+00:00\",\"dateModified\":\"2026-04-14T10:37:21+00:00\",\"inLanguage\":\"fr-FR\",\"potentialAction\":[{\"@type\":\"ReadAction\",\"target\":[\"http:\/\/blog.wiltec.de\/fr\/contact-mentions-legales\"]}]}]}<\/script>\n<!-- \/ Yoast SEO plugin. -->","_links":{"self":[{"href":"http:\/\/blog.wiltec.de\/fr\/wp-json\/wp\/v2\/pages\/12"}],"collection":[{"href":"http:\/\/blog.wiltec.de\/fr\/wp-json\/wp\/v2\/pages"}],"about":[{"href":"http:\/\/blog.wiltec.de\/fr\/wp-json\/wp\/v2\/types\/page"}],"author":[{"embeddable":true,"href":"http:\/\/blog.wiltec.de\/fr\/wp-json\/wp\/v2\/users\/2"}],"replies":[{"embeddable":true,"href":"http:\/\/blog.wiltec.de\/fr\/wp-json\/wp\/v2\/comments?post=12"}],"version-history":[{"count":4,"href":"http:\/\/blog.wiltec.de\/fr\/wp-json\/wp\/v2\/pages\/12\/revisions"}],"predecessor-version":[{"id":450,"href":"http:\/\/blog.wiltec.de\/fr\/wp-json\/wp\/v2\/pages\/12\/revisions\/450"}],"wp:attachment":[{"href":"http:\/\/blog.wiltec.de\/fr\/wp-json\/wp\/v2\/media?parent=12"}],"curies":[{"name":"wp","href":"https:\/\/api.w.org\/{rel}","templated":true}]}}